{"id":16876,"date":"2017-09-25T19:28:15","date_gmt":"2017-09-25T17:28:15","guid":{"rendered":"http:\/\/www.divincenzotractors.it\/?page_id=16876\/"},"modified":"2017-09-25T19:28:15","modified_gmt":"2017-09-25T17:28:15","slug":"privacy-policy","status":"publish","type":"page","link":"https:\/\/www.divincenzotractors.it\/en\/privacy-policy\/","title":{"rendered":"Privacy Policy"},"content":{"rendered":"<p>Questa informativa \u00e8 redatta e personalizzata per i visitatori del sito web <strong>www.divincenzotractors.it<\/strong>.<\/p>\n<p>Specifiche informative di sintesi sono progressivamente riportate o visualizzate nelle pagine del sito predisposte per particolari servizi a richiesta che prevedono form per la raccolta dei dati. La informiamo inoltre che, per fornire un servizio completo il nostro sito pu\u00f2 contenere link ad altri siti web, non gestiti da <strong>Ditta Salvatore Divincenzo<\/strong>.<\/p>\n<p><strong>Ditta Salvatore Divincenzo<\/strong> non \u00e8 responsabile di errori, contenuti, cookies, pubblicazioni di contenuto morale illecito, pubblicit\u00e0, banner o files non conformi alle disposizioni normative vigenti e del rispetto della normativa Privacy da parte di siti non gestiti dal Titolare.<\/p>\n<p>Soggetti interessati: utenti del sito web\u00a0<strong>www.divincenzotractors.it<\/strong>.<\/p>\n<p><strong>Ditta Salvatore Divincenzo<\/strong> in qualit\u00e0 di Titolare del trattamento dei suoi dati personali ai sensi e per gli effetti del D.Lgs. 30 Giugno 2003 n.196 (\u2018Codice in materia di protezione dei dati personali\u2019), di seguito \u2018Codice della Privacy\u2019, con la presente La informa che la citata normativa prevede la tutela delle persone e di altri soggetti rispetto al trattamento dei dati personali e che tale trattamento sar\u00e0 improntato ai principi di correttezza, liceit\u00e0 e trasparenza e di tutela della Sua riservatezza e dei Suoi diritti.<\/p>\n<p>Le informazioni ed i dati personali da Lei forniti od altrimenti acquisti nell\u2019ambito dell\u2019utilizzo del sito saranno trattati in accordo alle disposizioni legislative della normativa sopra richiamata e degli obblighi di riservatezza ivi previsti.<\/p>\n<p><strong>Tipologia di dati trattati<\/strong><\/p>\n<p><strong>Dati di Navigazione<\/strong><\/p>\n<p>\u2022 gli indirizzi IP o i nomi a dominio dei computer e di altri dispositivi utilizzati dagli utenti che si connettono al sito; \u2022 gli indirizzi in notazione URI (Uniform Resource Identifier) delle risorse richieste ed eventuali indicazioni temporali delle stesse; \u2022 parametri relativi al sistema operativo e all\u2019ambiente informatico dell\u2019utente; \u2022 pagine di partenza e di arrivo; \u2022 indice di Navigazione e comportamenti identificativi durante la visualizzazione delle pagine del sito.<\/p>\n<p><strong>Dati personali forniti volontariamente dall\u2019utente<\/strong><\/p>\n<p>L\u2019invio facoltativo, esplicito e volontario di posta elettronica agli indirizzi indicati su questo sito e la compilazione di form presenti sul medesimo comporta la successiva acquisizione dei dati personali del mittente ( a mero titolo esemplificativo nome, cognome, indirizzo mail). Specifiche informative di sintesi sono presenti nelle pagine che prevedono i form.<\/p>\n<p><strong>Finalit\u00e0 del trattamento<\/strong><\/p>\n<p>I Suoi dati raccolti durante la navigazione verranno trattati per le seguenti finalit\u00e0:<\/p>\n<p>1. svolgimento di operazioni strettamente connesse e strumentali alla gestione dei rapporti con gli utenti o dei visitatori del sito; 2. raccolta, conservazione ed elaborazione dei suoi dati per: \u2022 analisi statistiche anche in forma anonima e\/o aggregata; \u2022 analisi statistiche volte alla verifica della qualit\u00e0 dei servizi offerti dal sito; \u2022 migliorare le esperienza di navigazione.<\/p>\n<p>Il trattamento dei dati per l\u2019espletamento della finalit\u00e0 di cui al punto 1 \u00e8 obbligatoria e l\u2019eventuale non comunicazione, o comunicazione errata, di una delle informazioni pu\u00f2 limitare e\/o impedire l\u2019utilizzo in pieno delle funzionalit\u00e0 e dei servizi presenti sul sito. Il conferimento dei dati indicati nella finalit\u00e0 2 \u00e8 facoltativo, ed un suo eventuale rifiuto al trattamento non compromette le funzionalit\u00e0 e i servizi presenti sul sito. Relativamente al conferimento facoltativo vengono rese maggiori informazioni relative ai cookie presenti sul sito nel documento cookie policy (scorrere in basso)<\/p>\n<p><strong>Modalit\u00e0 di trattamento<\/strong><\/p>\n<p>I dati personali sono trattati con strumenti manuali, elettronici, attraverso sistemi automatizzati come previsto nell\u2019art. 130 del Codice e anche mediante cookies per il tempo strettamente necessario a conseguire gli scopi per cui sono stati raccolti. Ogni trattamento avviene nel rispetto delle modalit\u00e0 indicate nel D.lgs 196\/2003 con l\u2019adozione delle misure minime ed idonee di sicurezza. I trattamenti connessi ai servizi web sono effettuati presso la sede del Titolare e sono conservati presso le sedi dove sono situati i server fisici.<\/p>\n<p><strong>Comunicazione<\/strong><\/p>\n<p>I suoi dati sono trattati all\u2019interno dell\u2019azienda dalle seguenti categorie di soggetti autorizzati e nominati incaricati dal Titolare: \u2022 Uff. marketing; \u2022 Sistemi informativi I suoi dati possono essere comunicati a terzi, in particolare a: \u2022 Societ\u00e0 che effettuano la manutenzione ordinaria e straordinaria del sito web.<\/p>\n<p><strong>Diffusione<\/strong><\/p>\n<p>I suoi dati non saranno diffusi.<\/p>\n<p><strong>Terze parti<\/strong><\/p>\n<p>I suoi dati sono raccolti anche mediante strumenti e servizi erogati da terze parti e conservati da loro . Per maggiori informazioni si rimanda alla cookies policy e a quanto segue: Google Analytics: http:\/\/www.google.com\/analytics\/terms\/it.html \u2013 http:\/\/www.google.com\/privacypolicy.html Google doubleclick e google adservices: vedi dettaglio in cookie policy.<\/p>\n<p><strong>Titolare<\/strong><\/p>\n<p>Il Titolare del trattamento \u00e8<strong>www.divincenzotractors.it<\/strong><strong>\u00a0\u2013Via Roma, 85\u00a076121\u00a0Barletta (BT)<\/strong>, mail <strong>info@divincenzotractors.it<\/strong>\u00a0nella persona del legale rappresentante pro tempore. Il Titolare ha nominato Responsabili del trattamento dei dati personali i funzionari \/ societ\u00e0 del gruppo elencati nel prospetto disponibile presso gli uffici di\u00a0<strong>Ditta Salvatore Divincenzo<\/strong>, in relazione al rispettivo settore di competenza.<\/p>\n<p>Lei ha diritto di ottenere dal Responsabile al trattamento la cancellazione, la comunicazione, l\u2019aggiornamento, la rettificazione, l\u2019integrazione dei dati personali che La riguardano, nonch\u00e9 in generale pu\u00f2 esercitare tutti i diritti previsti dall\u2019art.7 del Codice della Privacy.<\/p>\n<p><strong>Cookie policy<\/strong><\/p>\n<p>(Provvedimento del Garante dell\u20198 Maggio 2014 pubblicato in G.U. n.126 il 3 giugno 2014 idi recepimento della direttiva 2002\/58\/CE)<\/p>\n<p>Il presente documento \u00e8 parte integrante dell\u2019 informativa \u201cPrivacy e Cookie Policy\u201d e viene redatto in questa modalit\u00e0 solo ed esclusivamente per permettere all\u2019utente una migliore comprensione in merito all\u2019utilizzo e alla disattivazione dei cookie.<\/p>\n<p>Si precisa che l\u2019utente pu\u00f2 manifestare le proprie opzioni sull\u2019uso dei cookie presenti sul sito\u00a0<strong>www.divincenzotractors.it<\/strong> (vedi elenco dettagliato nella parte sottostante \u201ctipi di cookie\u201d) anche attraverso le impostazione del\/i browser seguendo le istruzioni fornite qui di seguito. L\u2019utente pu\u00f2 inoltre impostare la \u201cnavigazione anonima\u201d che consente all\u2019utente di navigare in internet senza salvare alcuna informazione sui siti, sulle pagine visitate, su eventuali password inserite e su altre informazioni parametri.<\/p>\n<p><strong>Come disabilitare i cookie<\/strong><\/p>\n<p>Avvertenza: in relazione alla disattivazione da parte dell\u2019utente di tutte le tipologie di cookie (tecnici compresi) si precisa che alcune funzionalit\u00e0 del sito potrebbero essere ridotte o non disponibili. Google Per disabilitare l\u2019utilizzo dei cookie analitici ed impedire a Google Analitycs di raccogliere i dati di navigazione \u00e8 possibile scaricare il componente disponibile al seguente link: https:\/\/tools.google.com\/dlpage\/gaoptout Per disabilitare l\u2019utilizzo dei cookie da parte di Google visitare la pagina: http:\/\/www.google.com\/settings\/ads Per disabilitare direttamente dal browser le tipologie di cookie utilizzate dal presente sito web Chrome https:\/\/support.google.com\/chrome\/answer\/95647?hl=it Internet Explorer http:\/\/windows.microsoft.com\/it-it\/windows7\/how-to-manage-cookies-in-internet-explorer-9 Opera http:\/\/help.opera.com\/Windows\/10.00\/it\/cookies.html<\/p>\n<p>Safari http:\/\/support.apple.com\/kb\/HT1677?viewlocale=it_IT<\/p>\n<p>Firefox https:\/\/support.mozilla.org\/it\/kb\/Attivare e disattivare i cookie<\/p>\n<p>Se si utilizza un browser Web non presente nell\u2019elenco riportato sopra, si prega di fare riferimento alla documentazione o alla guida online del proprio browser per ottenere ulteriori informazioni.Si avvisano gli utenti che il Titolare funge da meramente da intermediario tecnico per i link riportati in questo documento e non pu\u00f2 assumersi nessuna responsabilit\u00e0 in caso di eventuale modifica.<\/p>\n<p><strong>COOKIE<\/strong><\/p>\n<p>I cookie sono stringhe di testo di piccole dimensioni che i siti visitati dall\u2019utente inviano al suo ter minale (solitamente al browser), dove vengono memorizzati per essere poi ritrasmessi agli stessi siti alla successiva visita del medesimo utente.<\/p>\n<p>Oltre ai cookies sono soggetti al provvedimento del Garante anche altri strumenti analoghi (web beacon\/web bug, clear GIF o atri) che consentono l\u2019identificazione dell\u2019utente o del terminale.<\/p>\n<p>Nel corso della navigazione su un sito, l\u2019utente pu\u00f2 ricevere sul suo terminale anche cookie che vengono inviati da siti o da web server diversi (c.d. \u201cterze parti\u201d), sui quali possono risiedere alcuni elementi (quali, ad esempio, immagini, mappe, suoni, specifici link a pagine di altri domini) presenti sul sito che lo stesso sta visitando.<\/p>\n<p>I cookie, solitamente presenti nei browser degli utenti in numero molto elevato e a volte anche con caratteristiche di ampia persistenza temporale, sono usati per differenti finalit\u00e0: esecuzione di autenticazioni informatiche, monitoraggio di sessioni, memorizzazione di informazioni su specifiche configurazioni riguardanti gli utenti che accedono al server, ecc. Ulteriori informazioni sui cookies sono reperibili su www.allaboutcookies.org.<\/p>\n<p>Al fine di giungere a una corretta regolamentazione di tali dispositivi, \u00e8 necessario distinguerli posto che non vi sono delle caratteristiche tecniche che li differenziano gli uni dagli altri proprio sulla base delle finalit\u00e0 perseguite da chi li utilizza. In tale direzione si \u00e8 mosso, peraltro, lo stesso legislatore, che, in attuazione delle disposizioni contenute nella direttiva 2009\/136\/CE, ha ricondotto l\u2019obbligo di acquisire il consenso preventivo e informato degli utenti all\u2019installazione di cookie utilizzati per finalit\u00e0 diverse da quelle meramente tecniche (cfr. art. 1, comma 5, lett. a), del D. Lgs. 28 maggio 2012, n. 69, che ha modificato l\u2019art. 122 del Codice).<\/p>\n<p>Maggiori Informazioni sui cookie utilizzati dal sito\u00a0<strong>www.divincenzotractors.it<\/strong>.<\/p>\n<p>Quando si visita il presente sito, possono essere introdotti nel computer o in altro dispositivo \u201cfirst party cookies\u201d (generati ed utilizzati dal presente sito) ed anche \u201cthirdy party cookies\u201d (generati sul presente sito da terze parti). Si precisa che la disabilitazione di alcuni cookie potrebbe limitare la possibilit\u00e0 di utilizzare il sito e impedire di beneficiare in pieno delle funzionalit\u00e0 e dei servizi presenti. Per decidere quali accettare e quali rifiutare indichiamo qui di seguito una descrizione dei cookies utilizzati da\u00a0<strong>www.divincenzotractors.it<\/strong>.<\/p>\n<p><strong>Tipi di cookie Cookie di navigazione<\/strong><\/p>\n<p>Sono cookie che garantiscono la normale navigazione e fruizione del sito web e che permettono il collegamento tra il server e il browser dell\u2019utente. Questi cookie permettono al sito di funzionare correttamente e consentono di visualizzare i contenuti sul dispositivo utilizzato. Senza questi cookies alcune funzionalit\u00e0 richieste come ad esempio il log-in al sito o la creazione di un carrello per lo shopping on line potrebbero non essere fornite. I cookie di navigazione sono cookie tecnici e sono necessari al funzionamento del sito. Cookie funzionali<\/p>\n<p>Sono cookie memorizzati nel computer o altro dispositivo che, in base alla richiesta dell\u2019utente, registrano le scelte dello stesso, per permettergli di ricordargliele al fine di ottimizzare e fornire una navigazione migliorativa e personalizzata all\u2019interno del servizio o dell\u2019accesso al presente sito (es registrazione della password in aree riservate, registrazione i prodotti nel carrello per avere la possibilit\u00e0 di ritrovarseli nella successiva sessione, salvare la lingua selezionata, visualizzazione di un video o la possibilit\u00e0 di commentare il blog ecc.). I cookie funzionali non sono indispensabili al funzionamento del sito, ma migliorano la qualit\u00e0 e l\u2019esperienza della navigazione. Cookie Analitici<\/p>\n<p>Sono cookies che raccolgono informazioni su come l\u2019utente utilizza il sito web, come ad esempio quali pagine web vengono visitate pi\u00f9 spesso. Il presente sito utilizza i cookies di terze parti \u201cGoogle Analytcs\u201d, un servizio di analisi statistica erogato e gestito da Google che consente di analizzare, in modo anonimo, come gli utenti visitano il sito. Le informazioni generate dal cookie sull\u2019utilizzo del sito web da parte dell\u2019utente (compreso l\u2019indirizzo IP) viene trasmesso , e depositato presso i server di Google. Indirizzi utili per comprendere al meglio la privacy policy di Google Analytics: \u2013 http:\/\/www.google.com\/analytics\/terms\/it.html \u2013 http:\/\/www.google.com\/privacypolicy.html I cookie analitici non sono indispensabili al funzionamento del sito. Cookies di profilazione di terze parti<\/p>\n<p>Questi cookies consentono di creare profili relativi all\u2019utente e vengono utilizzati al fine di inviare messaggi pubblicitari in linea con le preferenze manifestate dallo stesso nell\u2019ambito della navigazione in rete. Mentre l\u2019utente naviga sul presente sito o in rete questi cookie sono utili per mostrare prodotti di suo interesse o simili a quelli visualizzati. Questa tipologia di cookie non \u00e8 indispensabili al funzionamento del sito. Sul presente sito\u00a0<strong>www.divincenzotractors.it<\/strong>\u00a0sono presenti cookie di terza parti, cio\u00e8 inviati da societ\u00e0 terze. Sui cookie di terze parti <strong>Ditta Salvatore Divincenzo<\/strong>\u00a0non ha il controllo delle informazioni fornite dai cookie e non ha accesso a tali dati. Queste informazioni sono controllate dalle societ\u00e0 terze secondo quando indicato nelle relative privacy policy Sul presente sito sono presenti Google doubleclick e google adservices. Per maggior informazioni: http:\/\/www.google.it\/intl\/it\/policies\/technologies\/ads\/<\/p>\n<p><strong>APPLICAZIONE DELLA PRESENTE INFORMATIVA<\/strong><\/p>\n<p>Se avete dubbi riguardo la presente Informativa, contattate innanzitutto <strong>Salvatore Divincenzo<\/strong>, inviando una e-mail a <strong>info@divincenzotractors.it<\/strong><\/p>\n<p><strong>MODIFICHE ALLA PRESENTE INFORMATIVA<\/strong><\/p>\n<p><strong>Ditta Salvatore Divincenzo<\/strong>\u00a0si riserva il diritto di aggiornare la presente informativa per adeguarla al diritto sopravveniente, nonch\u00e9 tenendo in debita considerazione i suggerimenti trasmessi da dipendenti, clienti, collaboratori e utenti. In caso di modifiche sostanziali all\u2019 informativa <strong>Salvatore Divincenzo<\/strong>\u00a0pubblicher\u00e0 in maniera visibile tali modifiche. Decreto Legislativo n. 196\/2003: Art. 7 \u2013 Diritto di accesso ai dati personali ed altri diritti<\/p>\n<p>1.L\u2019interessato ha diritto di ottenere la conferma dell\u2019esistenza o meno di dati personali che lo riguardano, anche se non ancora registrati, e la loro comunicazione in forma intelligibile.<\/p>\n<p>2. L\u2019interessato ha diritto di ottenere l\u2019indicazione: a) dell\u2019origine dei dati personali; b) delle finalit\u00e0 e modalit\u00e0 del trattamento; c) della logica applicata in caso di trattamento effettuato con l\u2019ausilio di strumenti elettronici; d) degli estremi identificativi del titolare, dei responsabili e del rappresentante designato ai sensi dell\u2019articolo 5, comma 2; e) dei soggetti o delle categorie di soggetti ai quali i dati personali possono essere comunicati o che possono venirne a conoscenza in qualit\u00e0 di rappresentante designato nel territorio dello Stato, di responsabili o incaricati.<\/p>\n<p>3.L\u2019interessato ha diritto di ottenere:<\/p>\n<p>a) l\u2019aggiornamento, la rettificazione ovvero, quando vi ha interesse, l\u2019integrazione dei dati; b) la cancellazione, la trasformazione in forma anonima o il blocco dei dati trattati in violazione di legge, compresi quelli di cui non \u00e8 necessaria la conservazione in relazione agli scopi per i quali i dati sono stati raccolti o successivamente trattati; c) l\u2019attestazione che le operazioni di cui alle lettere a) e b) sono state portate a conoscenza, anche per quanto riguarda il loro contenuto, di coloro ai quali i dati sono stati comunicati o diffusi, eccettuato il caso in cui tale adempimento si rivela impossibile o comporta un impiego di mezzi manifestamente sproporzionato rispetto al diritto tutelato.<\/p>\n<p>4. L\u2019interessato ha diritto di opporsi, in tutto o in parte:<\/p>\n<p>a) per motivi legittimi al trattamento dei dati personali che lo riguardano, ancorch\u00e8 pertinenti allo scopo della raccolta, b) al trattamento di dati personali che lo riguardano a fini di invio di materiale pubblicitario o di vendita diretta o per il compimento di ricerche di mercato o di comunicazione commerciale.<\/p>\n","protected":false},"excerpt":{"rendered":"<p>Questa informativa \u00e8 redatta e personalizzata per i visitatori del sito web www.divincenzotractors.it. Specifiche informative di sintesi sono progressivamente riportate o visualizzate nelle pagine del sito predisposte per particolari servizi a richiesta che prevedono form per la raccolta dei dati. La informiamo inoltre che, per&#8230;<\/p>\n","protected":false},"author":1,"featured_media":0,"parent":0,"menu_order":0,"comment_status":"closed","ping_status":"closed","template":"","meta":{"_seopress_robots_primary_cat":"","_seopress_titles_title":"","_seopress_titles_desc":"","_seopress_robots_index":"","footnotes":""},"class_list":["post-16876","page","type-page","status-publish","hentry"],"_links":{"self":[{"href":"https:\/\/www.divincenzotractors.it\/en\/wp-json\/wp\/v2\/pages\/16876\/"}],"collection":[{"href":"https:\/\/www.divincenzotractors.it\/en\/wp-json\/wp\/v2\/pages\/"}],"about":[{"href":"https:\/\/www.divincenzotractors.it\/en\/wp-json\/wp\/v2\/types\/page\/"}],"author":[{"embeddable":true,"href":"https:\/\/www.divincenzotractors.it\/en\/wp-json\/wp\/v2\/users\/1\/"}],"replies":[{"embeddable":true,"href":"https:\/\/www.divincenzotractors.it\/en\/wp-json\/wp\/v2\/comments\/?post=16876"}],"version-history":[{"count":0,"href":"https:\/\/www.divincenzotractors.it\/en\/wp-json\/wp\/v2\/pages\/16876\/revisions\/"}],"wp:attachment":[{"href":"https:\/\/www.divincenzotractors.it\/en\/wp-json\/wp\/v2\/media\/?parent=16876"}],"curies":[{"name":"wp","href":"https:\/\/api.w.org\/{rel}","templated":true}]}}